{"id":9,"date":"2016-04-05T22:51:13","date_gmt":"2016-04-05T20:51:13","guid":{"rendered":"http:\/\/eegbiofeedback.edu.pl\/?page_id=9"},"modified":"2016-04-09T23:59:30","modified_gmt":"2016-04-09T21:59:30","slug":"eeg-biofeedback","status":"publish","type":"page","link":"http:\/\/mkprezes.lh.pl\/EEGBIOFEEDBACK\/eeg-biofeedback\/","title":{"rendered":"EEG Biofeedback"},"content":{"rendered":"<p style=\"text-align: justify;\">Terapia <strong>Biofeedback jest procedur\u0105 medyczn\u0105<\/strong> sklasyfikowan\u0105 w&nbsp;Mi\u0119dzynarodowej Klasyfikacji Procedur Medycznych (ICD-9-CM wersja 5.22) pod numerem: <strong>94.39<\/strong> (<i>\u0179r\u00f3d\u0142o<\/i>: <strong><a style=\"font-family: 'PT Sans Narrow',sans-serif; font-size: 18px; text-transform: uppercase;\" title=\"MI\u0118DZYNARODOWA KLASYFIKACJA PROCEDUR MEDYCZNYCH (ICD-9-CM wersja 5.22)\" href=\"http:\/\/www.icd9.pl\/\" target=\"_blank\"><i class=\"omsc-icon fa fa-external-link\" style=\"\"><\/i> A international classification system for surgical, diagnostic and therapeutic procedures: ICD-9-CM<\/a><\/strong>). W Polsce terapia Biofeedback i EEG Biofeedback (Neurofeedback) i nie jest refundowana przez Narodowy Fundusz Zdrowia.<\/p>\n<div class=\"omsc-box omsc-with-title omsc-with-bg-color\" style=\"background-color:#e8e8e8;text-align:center\"><div class=\"omsc-box-inner\"><div class=\"omsc-box-title\">BIOFEEDBACK<\/div>\n<p style=\"text-align: justify;\">Biofeedback \u2013 to biologiczne sprz\u0119\u017cenie zwrotne, czyli dostarczanie informacji zwrotnej o zmianach stanu fizjologicznego osoby trenowanej metod\u0105 Biofeedback. Zmiany fizjologiczne organizmu monitorowane s\u0105 przez odpowiednie urz\u0105dzenie komputerowe. Jest to metoda polegaj\u0105ca na podawaniu pacjentowi sygna\u0142\u00f3w zwrotnych o zmianach stanu fizjologicznego jego organizmu, dzi\u0119ki czemu mo\u017ce on nauczy\u0107 si\u0119 \u015bwiadomie modyfikowa\u0107 funkcje, kt\u00f3re normalnie nie s\u0105 kontrolowane \u015bwiadomie, np. fale m\u00f3zgowe, op\u00f3r elektryczny sk\u00f3ry czy napi\u0119cie mi\u0119\u015bni.<\/p>\n<\/div><\/div>\n<p style=\"text-align: justify;\"><strong>Skuteczno\u015b\u0107 trening\u00f3w jest uzale\u017cniona od woli, zaanga\u017cowania, motywacji i wsp\u00f3\u0142pracy os\u00f3b trenowanych<\/strong> oraz od dopasowania trening\u00f3w do indywidualnych potrzeb pacjent\u00f3w przez trenera czy terapeut\u0119. <strong>Jest to metoda ca\u0142kowicie bezpieczna<\/strong>, bez skutk\u00f3w ubocznych. Szczeg\u00f3\u0142owy przebieg sesji Biofeedback r\u00f3\u017cni si\u0119 w zale\u017cno\u015bci od rodzaju treningu.<\/p>\n<p style=\"text-align: justify; \">Zobacz wi\u0119cej: <strong><a style=\"line-height: 1.5em; font-family: 'PT Sans Narrow',sans-serif; font-size: 18px; text-transform: uppercase;\" title=\"Rodzaje trening\u00f3w Biofeedback\" href=\"http:\/\/eegbiofeedback.edu.pl\/eeg-biofeedback\/rodzaje-treningow\/\"><i class=\"omsc-icon fa fa-external-link\" style=\"\"><\/i> Rodzaje trening\u00f3w Biofeedback<\/a><\/strong><\/p>\n<p style=\"text-align: justify;\">Nasze zaj\u0119cia s\u0105 prowadzone przez certyfikowanych neuropsychoterapeut\u00f3w. A&nbsp;treningi prowadzone s\u0105 zgodnie ze standardami: AAPB (<strong><a  style=\"font-family: 'PT Sans Narrow',sans-serif; font-size: 18px; text-transform: uppercase;\" href=\"http:\/\/www.aapb.org\" target=\"_blank\"> <i class=\"omsc-icon fa fa-external-link\" style=\"\"><\/i> Association for Applied Psychophysiology and Biofeedback<\/a><\/strong> \u2013 Stowarzyszenie Psychofizjologii Stosowanej i Biofeedback). W zwi\u0105zku z tym, \u017ce terapia i treningi biofeedback i&nbsp;neurofeedback s\u0105 kwalifikowane jako procedura medyczna, dlatego nasi podopieczni maj\u0105 prowadzon\u0105 dokumentacj\u0119 zgodnie z wymogami <em>Rozporz\u0105dzenia Ministra Zdrowia z dnia 21 grudnia 2010 r. w sprawie rodzaj\u00f3w i&nbsp;zakresu dokumentacji medycznej oraz sposobu jej przetwarzania<\/em> (Dz.U. 2010 nr 252 poz. 1697 z p\u00f3\u017an. zm.).<\/p>\n<p style=\"text-align: justify;\">Zobacz wi\u0119cej: <strong><a style=\"font-family: 'PT Sans Narrow',sans-serif; font-size: 18px; text-transform: uppercase;\" title=\"Materia\u0142y multimedialne\" href=\"http:\/\/eegbiofeedback.edu.pl\/eeg-biofeedback\/materialy-multimedialne\/\"><span style=\"line-height: 1.5em;\"><i class=\"omsc-icon fa fa-external-link\" style=\"\"><\/i> Materia\u0142y multimedialne<\/span><\/a><\/strong><\/p>\n","protected":false},"excerpt":{"rendered":"<p>Terapia Biofeedback jest procedur\u0105 medyczn\u0105 sklasyfikowan\u0105 w&nbsp;Mi\u0119dzynarodowej Klasyfikacji Procedur Medycznych (ICD-9-CM wersja 5.22) pod numerem: 94.39 (\u0179r\u00f3d\u0142o: A international classification system for surgical, diagnostic and therapeutic procedures: ICD-9-CM). W Polsce terapia Biofeedback i EEG Biofeedback (Neurofeedback) i nie jest refundowana przez Narodowy Fundusz Zdrowia. Skuteczno\u015b\u0107 trening\u00f3w jest uzale\u017cniona od woli, zaanga\u017cowania, motywacji i wsp\u00f3\u0142pracy os\u00f3b [&hellip;]<\/p>\n","protected":false},"author":1,"featured_media":0,"parent":0,"menu_order":0,"comment_status":"closed","ping_status":"closed","template":"template-nosidebar.php","meta":{"footnotes":""},"class_list":["post-9","page","type-page","status-publish","hentry"],"aioseo_notices":[],"_links":{"self":[{"href":"http:\/\/mkprezes.lh.pl\/EEGBIOFEEDBACK\/wp-json\/wp\/v2\/pages\/9","targetHints":{"allow":["GET"]}}],"collection":[{"href":"http:\/\/mkprezes.lh.pl\/EEGBIOFEEDBACK\/wp-json\/wp\/v2\/pages"}],"about":[{"href":"http:\/\/mkprezes.lh.pl\/EEGBIOFEEDBACK\/wp-json\/wp\/v2\/types\/page"}],"author":[{"embeddable":true,"href":"http:\/\/mkprezes.lh.pl\/EEGBIOFEEDBACK\/wp-json\/wp\/v2\/users\/1"}],"replies":[{"embeddable":true,"href":"http:\/\/mkprezes.lh.pl\/EEGBIOFEEDBACK\/wp-json\/wp\/v2\/comments?post=9"}],"version-history":[{"count":18,"href":"http:\/\/mkprezes.lh.pl\/EEGBIOFEEDBACK\/wp-json\/wp\/v2\/pages\/9\/revisions"}],"predecessor-version":[{"id":214,"href":"http:\/\/mkprezes.lh.pl\/EEGBIOFEEDBACK\/wp-json\/wp\/v2\/pages\/9\/revisions\/214"}],"wp:attachment":[{"href":"http:\/\/mkprezes.lh.pl\/EEGBIOFEEDBACK\/wp-json\/wp\/v2\/media?parent=9"}],"curies":[{"name":"wp","href":"https:\/\/api.w.org\/{rel}","templated":true}]}}