{"id":43,"date":"2016-04-05T23:11:54","date_gmt":"2016-04-05T21:11:54","guid":{"rendered":"http:\/\/eegbiofeedback.edu.pl\/?page_id=43"},"modified":"2016-04-10T00:07:59","modified_gmt":"2016-04-09T22:07:59","slug":"wydawnictwo","status":"publish","type":"page","link":"http:\/\/mkprezes.lh.pl\/EEGBIOFEEDBACK\/o-fundacji\/wydawnictwo\/","title":{"rendered":"Ksi\u0119garnia i Wydawnictwo"},"content":{"rendered":"<h5>Ksi\u0119garnia<\/h5>\n<p style=\"text-align: justify;\">W naszej Ksi\u0119garni internetowej proponujemy zakup wy\u0142\u0105cznie nowych ksi\u0105\u017cek do nauczania matematyki w liceum i technikum autorstwa Marcina Kurczaba, El\u017cbiety Kurczab i El\u017cbiety \u015awidy. Nasza oferta pozwala istotnie zmniejszy\u0107 cen\u0119 jednej ksi\u0105\u017cki ju\u017c przy zam\u00f3wieniu kilku egzemplarzy.<\/p>\n<p style=\"text-align: justify;\">Promujemy zakupy grupowe: wi\u0119ksze zakupy to ta\u0144sze ksi\u0105\u017cki. Dodatkowo gwarantujemy darmow\u0105 wysy\u0142k\u0119 przy zakupie co najmniej 10 dowolnych egzemplarzy z naszej oferty. Szczeg\u00f3\u0142y oferty s\u0105 dost\u0119pne na stronie internetowej Ksi\u0119garni. Serdecznie zapraszamy!<\/p>\n<h5>Wydawnictwo \u00bbARS MATHEMATICA\u00ab<\/h5>\n<p style=\"text-align: justify;\">&#8211; to <i>imprint<\/i> &#8211; marka wydawnicza, pod kt\u00f3r\u0105 Fundacja \u2013 Instytut Edukacji Matematycznej \u00bbARS MATHEMATICA\u00ab w ramach dzia\u0142alno\u015bci statutowej przygotowuje i publikuje materia\u0142y szkoleniowe i edukacyjne. <\/p>\n<p style=\"text-align: justify;\">Zobacz wi\u0119cej: <strong><a style=\"font-family: 'PT Sans Narrow',sans-serif; font-size: 18px; text-transform: uppercase;\" title=\"Wydawnictwo \u00bbARS MATHEMATICA\u00ab\" href=\"http:\/\/arsmathematica.pl\" target=\"_blank\"><i class=\"omsc-icon fa fa-external-link\" style=\"\"><\/i> KSI\u0118GARNIA i WYDAWNICTWO \u00bbARS MATHEMATICA\u00ab<\/a><\/strong><\/p>\n<p style=\"text-align: center;\"><span style=\"font-family: 'PT Sans Narrow', sans-serif; font-size: 24px; \"> <b>WYDAWNICTWO \u00bbARS MATHEMATICA\u00ab<\/b><\/span><br \/>\n<span style=\"font-family: 'PT Sans Narrow', sans-serif; font-size: 18px; \"><b>Fundacja \u2014 Instytut Edukacji Matematycznej \u00bbARS MATHEMATICA\u00ab<\/b><br \/>\n01-875 Warszawa \u2666 ul. Zgrupowania AK \u201e\u017bmija\u201d 25\/26<br \/>\n<i class=\"omsc-icon fa fa-phone-square\" style=\"\"><\/i>&nbsp;&nbsp;22&nbsp;114&nbsp;02&nbsp;73&nbsp;&nbsp;&nbsp;<i class=\"omsc-icon fa fa-print\" style=\"\"><\/i>&nbsp;&nbsp;22&nbsp;633&nbsp;93&nbsp;33<br \/>\n<i class=\"omsc-icon fa fa-envelope\" style=\"\"><\/i>&nbsp;&nbsp;<a href=\"mailto:sekretariat@arsmathematica.pl\">sekretariat@arsmatematica.pl<\/a>&nbsp;&nbsp;&nbsp;<i class=\"omsc-icon fa fa-globe\" style=\"\"><\/i>&nbsp;&nbsp;<a href=\"http:\/\/arsmathematica.pl\/\" target=\"_blank\" title=\"Wydawnictwo \u00bbARS MATHEMATICA\u00ab\">http:\/\/arsmathematica.pl<\/a><br \/>\nNIP 1181752476 \u2666 REGON 015738286 \u2666 KRS 0000207957<\/p>\n<p><\/span><\/p>\n","protected":false},"excerpt":{"rendered":"<p>Ksi\u0119garnia W naszej Ksi\u0119garni internetowej proponujemy zakup wy\u0142\u0105cznie nowych ksi\u0105\u017cek do nauczania matematyki w liceum i technikum autorstwa Marcina Kurczaba, El\u017cbiety Kurczab i El\u017cbiety \u015awidy. Nasza oferta pozwala istotnie zmniejszy\u0107 cen\u0119 jednej ksi\u0105\u017cki ju\u017c przy zam\u00f3wieniu kilku egzemplarzy. Promujemy zakupy grupowe: wi\u0119ksze zakupy to ta\u0144sze ksi\u0105\u017cki. Dodatkowo gwarantujemy darmow\u0105 wysy\u0142k\u0119 przy zakupie co najmniej 10 [&hellip;]<\/p>\n","protected":false},"author":1,"featured_media":0,"parent":37,"menu_order":0,"comment_status":"closed","ping_status":"closed","template":"template-nosidebar.php","meta":{"footnotes":""},"class_list":["post-43","page","type-page","status-publish","hentry"],"aioseo_notices":[],"_links":{"self":[{"href":"http:\/\/mkprezes.lh.pl\/EEGBIOFEEDBACK\/wp-json\/wp\/v2\/pages\/43","targetHints":{"allow":["GET"]}}],"collection":[{"href":"http:\/\/mkprezes.lh.pl\/EEGBIOFEEDBACK\/wp-json\/wp\/v2\/pages"}],"about":[{"href":"http:\/\/mkprezes.lh.pl\/EEGBIOFEEDBACK\/wp-json\/wp\/v2\/types\/page"}],"author":[{"embeddable":true,"href":"http:\/\/mkprezes.lh.pl\/EEGBIOFEEDBACK\/wp-json\/wp\/v2\/users\/1"}],"replies":[{"embeddable":true,"href":"http:\/\/mkprezes.lh.pl\/EEGBIOFEEDBACK\/wp-json\/wp\/v2\/comments?post=43"}],"version-history":[{"count":12,"href":"http:\/\/mkprezes.lh.pl\/EEGBIOFEEDBACK\/wp-json\/wp\/v2\/pages\/43\/revisions"}],"predecessor-version":[{"id":217,"href":"http:\/\/mkprezes.lh.pl\/EEGBIOFEEDBACK\/wp-json\/wp\/v2\/pages\/43\/revisions\/217"}],"up":[{"embeddable":true,"href":"http:\/\/mkprezes.lh.pl\/EEGBIOFEEDBACK\/wp-json\/wp\/v2\/pages\/37"}],"wp:attachment":[{"href":"http:\/\/mkprezes.lh.pl\/EEGBIOFEEDBACK\/wp-json\/wp\/v2\/media?parent=43"}],"curies":[{"name":"wp","href":"https:\/\/api.w.org\/{rel}","templated":true}]}}