{"id":37,"date":"2016-04-05T23:08:35","date_gmt":"2016-04-05T21:08:35","guid":{"rendered":"http:\/\/eegbiofeedback.edu.pl\/?page_id=37"},"modified":"2016-04-06T03:09:59","modified_gmt":"2016-04-06T01:09:59","slug":"o-fundacji","status":"publish","type":"page","link":"http:\/\/mkprezes.lh.pl\/EEGBIOFEEDBACK\/o-fundacji\/","title":{"rendered":"O Fundacji"},"content":{"rendered":"<h5>Fundacja \u2013 Instytut Edukacji Matematycznej \u00bbARS MATHEMATICA\u00ab<\/h5>\n<p style=\"text-align: justify;\"><span style=\"line-height: 1.5em;\">&#8211; zosta\u0142a powo\u0142ana do prowadzenia i wspierania dzia\u0142alno\u015bci naukowej, edukacyjnej, o\u015bwiatowej oraz wychowawczej zwi\u0105zanej z szeroko poj\u0119t\u0105 edukacj\u0105 matematyczn\u0105. Fundacja wype\u0142niaj\u0105c cele, do kt\u00f3rych zosta\u0142a powo\u0142ana, realizuje zadania statutowe w zakresie nauki, szkolnictwa wy\u017cszego, edukacji, o\u015bwiaty i wychowania zwi\u0105zanych z szeroko poj\u0119ta edukacj\u0105 matematyczn\u0105, a tak\u017ce prowadzi dzia\u0142alno\u015b\u0107 charytatywn\u0105 oraz dzia\u0142alno\u015b\u0107 na rzecz os\u00f3b niepe\u0142nosprawnych maj\u0105c\u0105 wp\u0142yw na edukacj\u0119.<\/span><\/p>\n<p style=\"text-align: justify;\"><span style=\"line-height: 1.5em;\">Fundacja prowadzi dzia\u0142ania w trzech g\u0142\u00f3wnych obszarach:<\/p>\n<p style=\"text-align: left; padding-left: 50px;\"><i class=\"omsc-icon fa fa-check-square-o\" style=\"\"><\/i> opracowuje materia\u0142y i pomoce dydaktyczne,<br \/>\n<i class=\"omsc-icon fa fa-check-square-o\" style=\"\"><\/i> rozwi\u0105zuje problemy zwi\u0105zane ze specyficznymi trudno\u015bciami<br \/>\nw uczeniu si\u0119 matematyki (dyskalkulia),<br \/>\n<i class=\"omsc-icon fa fa-check-square-o\" style=\"\"><\/i> prowadzi treningi Biofeedback i Neurofeedback (terapia EEG Biofeedback), jako metod\u0119 wspieraj\u0105c\u0105 rozwi\u0105zywanie problem\u00f3w edukacyjnych.<\/p>\n<p><\/span><\/p>\n<h5>Pracownia EEG Biofeedback<\/h5>\n<p style=\"text-align: justify;\"><span style=\"line-height: 1.5em;\">Realizuj\u0105c przyj\u0119ty Program, w ramach odp\u0142atnej dzia\u0142alno\u015bci statutowej, Fundacja prowadzi <b>Pracowni\u0119 EEG Biofeedback<\/b>. Treningi Biofeedback i&nbsp;Neurofeedback (EEG Biofeedback) wp\u0142ywaj\u0105 na usprawnienie proces\u00f3w poznawczych, oraz skutkuj\u0105 m.in. polepszeniem wynik\u00f3w w nauce i pozwalaj\u0105 przezwyci\u0119\u017cy\u0107 specyficzne trudno\u015bci w uczeniu.<\/p>\n<p style=\"text-align: justify;\">Zobacz wi\u0119cej: <strong><a style=\"font-family: 'PT Sans Narrow',sans-serif; font-size: 18px; text-transform: uppercase;\" title=\"Cele statutowe Fundacji\" href=\"http:\/\/eegbiofeedback.edu.pl\/o-fundacji\/cele-statutowe-fundacji\/\"><i class=\"omsc-icon fa fa-external-link\" style=\"\"><\/i> Cele statutowe Fundacji<\/a><\/strong><\/p>\n","protected":false},"excerpt":{"rendered":"<p>Fundacja \u2013 Instytut Edukacji Matematycznej \u00bbARS MATHEMATICA\u00ab &#8211; zosta\u0142a powo\u0142ana do prowadzenia i wspierania dzia\u0142alno\u015bci naukowej, edukacyjnej, o\u015bwiatowej oraz wychowawczej zwi\u0105zanej z szeroko poj\u0119t\u0105 edukacj\u0105 matematyczn\u0105. Fundacja wype\u0142niaj\u0105c cele, do kt\u00f3rych zosta\u0142a powo\u0142ana, realizuje zadania statutowe w zakresie nauki, szkolnictwa wy\u017cszego, edukacji, o\u015bwiaty i wychowania zwi\u0105zanych z szeroko poj\u0119ta edukacj\u0105 matematyczn\u0105, a tak\u017ce prowadzi dzia\u0142alno\u015b\u0107 [&hellip;]<\/p>\n","protected":false},"author":1,"featured_media":0,"parent":0,"menu_order":0,"comment_status":"closed","ping_status":"closed","template":"template-nosidebar.php","meta":{"footnotes":""},"class_list":["post-37","page","type-page","status-publish","hentry"],"aioseo_notices":[],"_links":{"self":[{"href":"http:\/\/mkprezes.lh.pl\/EEGBIOFEEDBACK\/wp-json\/wp\/v2\/pages\/37","targetHints":{"allow":["GET"]}}],"collection":[{"href":"http:\/\/mkprezes.lh.pl\/EEGBIOFEEDBACK\/wp-json\/wp\/v2\/pages"}],"about":[{"href":"http:\/\/mkprezes.lh.pl\/EEGBIOFEEDBACK\/wp-json\/wp\/v2\/types\/page"}],"author":[{"embeddable":true,"href":"http:\/\/mkprezes.lh.pl\/EEGBIOFEEDBACK\/wp-json\/wp\/v2\/users\/1"}],"replies":[{"embeddable":true,"href":"http:\/\/mkprezes.lh.pl\/EEGBIOFEEDBACK\/wp-json\/wp\/v2\/comments?post=37"}],"version-history":[{"count":9,"href":"http:\/\/mkprezes.lh.pl\/EEGBIOFEEDBACK\/wp-json\/wp\/v2\/pages\/37\/revisions"}],"predecessor-version":[{"id":170,"href":"http:\/\/mkprezes.lh.pl\/EEGBIOFEEDBACK\/wp-json\/wp\/v2\/pages\/37\/revisions\/170"}],"wp:attachment":[{"href":"http:\/\/mkprezes.lh.pl\/EEGBIOFEEDBACK\/wp-json\/wp\/v2\/media?parent=37"}],"curies":[{"name":"wp","href":"https:\/\/api.w.org\/{rel}","templated":true}]}}