{"id":34,"date":"2016-04-05T23:06:47","date_gmt":"2016-04-05T21:06:47","guid":{"rendered":"http:\/\/eegbiofeedback.edu.pl\/?page_id=34"},"modified":"2016-04-09T23:18:55","modified_gmt":"2016-04-09T21:18:55","slug":"nasz-sprzet","status":"publish","type":"page","link":"http:\/\/mkprezes.lh.pl\/EEGBIOFEEDBACK\/nasze-treningi\/nasz-sprzet\/","title":{"rendered":"Nasz sprz\u0119t"},"content":{"rendered":"<p style=\"text-align: justify;\">Pracujemy na aparatach NEXUS firmy <a href=\"http:\/\/www.mindmedia.info\/\" target=\"_blank\">Mind Media B.V.<\/a>, certyfikowanych jako <b>urz\u0105dzenia medyczne klasy IIa<\/b> (CE).<\/p>\n<p style=\"text-align: justify;\">Multimodalne systemy NEXUS przeznaczone s\u0105 do trening\u00f3w i\u00a0terapii Biofeedback, Neurofeedback oraz pomiar\u00f3w fizjologicznych. Mo\u017cemy mierzy\u0107 r\u00f3\u017cne parametry: fale m\u00f3zgowe, napi\u0119cie mi\u0119\u015bni, zmienno\u015b\u0107 rytmu serca, ruch oczu, oporno\u015b\u0107 sk\u00f3ry, zmiany temperatury, czy cz\u0119stotliwo\u015b\u0107 oddychania.<\/p>\n<p style=\"text-align: justify;\"><b>Podstawowy czujnik<\/b>, na kt\u00f3rym pracuj\u0105 nasi specjali\u015bci, wyposa\u017cony w\u00a0odpowiednie elektrody dostarcza nast\u0119puj\u0105cych informacji do analizy, bada\u0144 i\u00a0trening\u00f3w: <b>EEG<\/b> (elektroencefalografia) \u2013s\u0142u\u017c\u0105cy do badania bioelektrycznej czynno\u015bci m\u00f3zgu, <b>sEMG<\/b> (elektromiografia powierzchniowa) \u2013 mierz\u0105cy aktywno\u015b\u0107 mi\u0119\u015bniow\u0105 z powierzchni sk\u00f3ry, <b>EKG<\/b> (elektrokardiografia) \u2013 rejestruj\u0105cy elektryczn\u0105 czynno\u015b\u0107 mi\u0119\u015bnia sercowego z powierzchni klatki piersiowej w postaci r\u00f3\u017cnicy potencja\u0142\u00f3w (napi\u0119\u0107) pomi\u0119dzy dwoma elektrodami, <b>EOG<\/b> (elektrookularografia) \u2013 mierz\u0105cy potencja\u0142y elektryczne elektrod umieszczonych wok\u00f3\u0142 oczu.<\/p>\n<p style=\"text-align: justify;\">Korzystamy z <b>czujnika oddechu<\/b>, kt\u00f3ry jest u\u017cywany do monitorowania brzucha lub klatki piersiowej oraz pomiaru wzgl\u0119dnej g\u0142\u0119boko\u015bci oddychania; <b>czujnika przewodzenia sk\u00f3ry<\/b>, kt\u00f3ry informuje o aktywno\u015bci gruczo\u0142\u00f3w potowych d\u0142oni. Aktywno\u015b\u0107 gruczo\u0142\u00f3w potowych jest \u015bci\u015ble zwi\u0105zana z\u00a0aktywno\u015bci\u0105 wsp\u00f3\u0142czulnego uk\u0142adu nerwowego; <b>czujnika temperatury<\/b>, kt\u00f3ry jest przeznaczony do monitorowania bardzo ma\u0142ych zmian temperatury ko\u0144czyn (najcz\u0119\u015bciej d\u0142oni). Stresuj\u0105ce zdarzenia, podniecenie, czyli aktywno\u015b\u0107 wsp\u00f3\u0142czulnego uk\u0142adu nerwowego, mog\u0105 powodowa\u0107 \u015bci\u015bni\u0119cie naczy\u0144 krwiono\u015bnych, powoduj\u0105c spadek temperatury w ko\u0144czynach.<\/p>\n<p style=\"text-align: justify;\"><strong>Prowadzimy tak\u017ce treningi zwi\u0105zane z terapi\u0105 przeciwmigrenow\u0105<\/strong> (b\u00f3le g\u0142owy). Do tego celu wykorzystywany jest czujnik zak\u0142adany na g\u0142ow\u0119, kt\u00f3ry s\u0142u\u017cy do pomiaru wzgl\u0119dnego przep\u0142ywu krwi na t\u0119tnicy skroniowej (BVP).<\/p>\n<p style=\"text-align: justify;\"><strong>W naszej Pracowni korzystamy tak\u017ce ze sprz\u0119tu NEUROSET<\/strong> (MindWave) firmy <a href=\"http:\/\/neurosky.com\/\" target=\"_blank\">NeuroSky, Inc.<\/a> Neuroset <strong>s\u0142u\u017cy do og\u00f3lnego doskonalenia czynno\u015bci m\u00f3zgu i umys\u0142u<\/strong>. \u0106wiczenia prowadzone na tym urz\u0105dzeniu poprawiaj\u0105 pami\u0119\u0107, koncentracj\u0119, zwi\u0119kszaj\u0105 kreatywno\u015b\u0107, umiej\u0119tno\u015bci podejmowania w\u0142a\u015bciwych decyzji, umo\u017cliwiaj\u0105 obni\u017cenie stresu, s\u0142u\u017c\u0105 do treningu relaksacyjnego. Zalecamy je tak\u017ce do trening\u00f3w maj\u0105cych na celu zwi\u0119kszenie sprawno\u015bci umys\u0142owej szczeg\u00f3lnie podczas intensywnej nauki przygotowuj\u0105cej do test\u00f3w i\u00a0egzamin\u00f3w. <strong>Pracujemy r\u00f3wnie\u017c na urz\u0105dzeniach s\u0142u\u017c\u0105cych do stymulacji audiowizualnej<\/strong>. Aparaty <strong>AVS<\/strong>, popularnie zwane psychowalkmanami, wykorzystujemy <strong>do trening\u00f3w, kt\u00f3rych celem jest usuni\u0119cie stresu, efektywne uczenie si\u0119 oraz do poprawy koncentracji i&nbsp;pami\u0119ci<\/strong>.<\/p>\n","protected":false},"excerpt":{"rendered":"<p>Pracujemy na aparatach NEXUS firmy Mind Media B.V., certyfikowanych jako urz\u0105dzenia medyczne klasy IIa (CE). Multimodalne systemy NEXUS przeznaczone s\u0105 do trening\u00f3w i\u00a0terapii Biofeedback, Neurofeedback oraz pomiar\u00f3w fizjologicznych. Mo\u017cemy mierzy\u0107 r\u00f3\u017cne parametry: fale m\u00f3zgowe, napi\u0119cie mi\u0119\u015bni, zmienno\u015b\u0107 rytmu serca, ruch oczu, oporno\u015b\u0107 sk\u00f3ry, zmiany temperatury, czy cz\u0119stotliwo\u015b\u0107 oddychania. Podstawowy czujnik, na kt\u00f3rym pracuj\u0105 nasi specjali\u015bci, [&hellip;]<\/p>\n","protected":false},"author":1,"featured_media":0,"parent":30,"menu_order":0,"comment_status":"closed","ping_status":"closed","template":"template-nosidebar.php","meta":{"footnotes":""},"class_list":["post-34","page","type-page","status-publish","hentry"],"aioseo_notices":[],"_links":{"self":[{"href":"http:\/\/mkprezes.lh.pl\/EEGBIOFEEDBACK\/wp-json\/wp\/v2\/pages\/34","targetHints":{"allow":["GET"]}}],"collection":[{"href":"http:\/\/mkprezes.lh.pl\/EEGBIOFEEDBACK\/wp-json\/wp\/v2\/pages"}],"about":[{"href":"http:\/\/mkprezes.lh.pl\/EEGBIOFEEDBACK\/wp-json\/wp\/v2\/types\/page"}],"author":[{"embeddable":true,"href":"http:\/\/mkprezes.lh.pl\/EEGBIOFEEDBACK\/wp-json\/wp\/v2\/users\/1"}],"replies":[{"embeddable":true,"href":"http:\/\/mkprezes.lh.pl\/EEGBIOFEEDBACK\/wp-json\/wp\/v2\/comments?post=34"}],"version-history":[{"count":12,"href":"http:\/\/mkprezes.lh.pl\/EEGBIOFEEDBACK\/wp-json\/wp\/v2\/pages\/34\/revisions"}],"predecessor-version":[{"id":200,"href":"http:\/\/mkprezes.lh.pl\/EEGBIOFEEDBACK\/wp-json\/wp\/v2\/pages\/34\/revisions\/200"}],"up":[{"embeddable":true,"href":"http:\/\/mkprezes.lh.pl\/EEGBIOFEEDBACK\/wp-json\/wp\/v2\/pages\/30"}],"wp:attachment":[{"href":"http:\/\/mkprezes.lh.pl\/EEGBIOFEEDBACK\/wp-json\/wp\/v2\/media?parent=34"}],"curies":[{"name":"wp","href":"https:\/\/api.w.org\/{rel}","templated":true}]}}