{"id":30,"date":"2016-04-05T23:04:13","date_gmt":"2016-04-05T21:04:13","guid":{"rendered":"http:\/\/eegbiofeedback.edu.pl\/?page_id=30"},"modified":"2016-04-11T14:27:29","modified_gmt":"2016-04-11T12:27:29","slug":"nasze-treningi","status":"publish","type":"page","link":"http:\/\/mkprezes.lh.pl\/EEGBIOFEEDBACK\/nasze-treningi\/","title":{"rendered":"Nasze treningi"},"content":{"rendered":"<p style=\"text-align: justify;\"><strong>Treningi Biofeedback i Neurofeedback zalecamy jest szczeg\u00f3lnie w&nbsp;sytuacjach wymagaj\u0105cych du\u017cej sprawno\u015bci umys\u0142u, odporno\u015bci na stres, szybkich decyzji. \u0106wiczenia poprawiaj\u0105 koncentracj\u0119 uwagi, szybko\u015b\u0107 my\u015blenia, kreatywno\u015b\u0107, pami\u0119\u0107, polepszaj\u0105 nastr\u00f3j, samoocen\u0119 i&nbsp;sen, r\u00f3wnocze\u015bnie ucz\u0105c relaksu. Metoda ta jest bezpieczna, przyjemna<\/strong> i&nbsp;jako spos\u00f3b uczenia si\u0119 za pomoc\u0105 wideogry nie ma \u017cadnych ubocznych dzia\u0142a\u0144. <strong>Zapraszamy szczeg\u00f3lnie wszystkie osoby intensywnie ucz\u0105ce si\u0119<\/strong> (gimnazjali\u015bci, maturzy\u015bci, studenci). <strong>Nasze treningi pomog\u0105 zwi\u0119kszy\u0107 szybko\u015b\u0107 zapami\u0119tywania i uczenia si\u0119, poprawi\u0105 pami\u0119\u0107 i koncentracj\u0119.<\/strong><\/p>\n<p style=\"text-align: justify;\">Zobacz wi\u0119cej: <strong><a style=\"font-family: 'PT Sans Narrow', sans-serif; font-size: 18px; text-transform: uppercase;\" title=\"Cennik\" href=\"http:\/\/eegbiofeedback.edu.pl\/kontakt-i-zapisy\/cennik\/\"><i class=\"omsc-icon fa fa-external-link\" style=\"\"><\/i> Wyb\u00f3r oferty i ankieta zg\u0142oszeniowa<\/a><\/strong><\/p>\n<p style=\"text-align: justify;\">Terapia sk\u0142ada si\u0119 z kilkudziesi\u0119ciu sesji treningowych (w zale\u017cno\u015bci od potrzeb). Przyjmuje si\u0119, \u017ce terapia nie powinna by\u0107 kr\u00f3tsza ni\u017c 15-20 trening\u00f3w. Terapia rozpoczyna si\u0119 diagnoz\u0105, kt\u00f3rej wyniki pozwalaj\u0105 trenerom przygotowa\u0107 indywidualne zaj\u0119cia. Ka\u017cda z sesji trwa ok. godziny i sk\u0142ada si\u0119 z&nbsp;dziesi\u0119ciu 3 minutowych rund treningowych, przedzielonych kr\u00f3tkimi przerwami. Na pocz\u0105tku sesji s\u0105 przeprowadzone \u0107wiczenia relaksacyjne dla zwi\u0119kszenia efektywno\u015bci sesji treningowych.<\/p>\n<p style=\"text-align: justify;\">Zobacz wi\u0119cej: <strong><a style=\"font-family: 'PT Sans Narrow',sans-serif; font-size: 18px; text-transform: uppercase;\" title=\"Wskazania i zalecenia\" href=\"http:\/\/eegbiofeedback.edu.pl\/nasze-treningi\/wskazania-i-zalecenia\/\"><i class=\"omsc-icon fa fa-external-link\" style=\"\"><\/i> Wskazania i zalecenia<\/a><\/strong><\/p>\n<p style=\"text-align: justify;\">Sesje treningowe mog\u0105 odbywa\u0107 si\u0119 z r\u00f3\u017cn\u0105 cz\u0119stotliwo\u015bci\u0105, jednak dla osi\u0105gni\u0119cia zadowalaj\u0105cych efekt\u00f3w nale\u017cy treningi powtarza\u0107 2-3 razy w&nbsp;tygodniu. Mo\u017cliwe jest r\u00f3wnie\u017c przeprowadzenie ca\u0142ej sesji systematycznie &#8211;&nbsp;w&nbsp;cyklu codziennych spotka\u0144. W szczeg\u00f3lnych wypadkach treningi mog\u0105 odbywa\u0107 si\u0119 kilka razy dziennie, pod warunkiem, \u017ce pomi\u0119dzy kolejnymi sesjami b\u0119dzie przynajmniej godzinna przerwa, jednak tak zorganizowane zaj\u0119cia mog\u0105 by\u0107 m\u0119cz\u0105ce dla Os\u00f3b trenowanych. D\u0142ugotrwa\u0142e i cz\u0119ste przerwy w treningach w negatywny spos\u00f3b wp\u0142ywaj\u0105 na efektywno\u015b\u0107 terapii. Pierwsze 5-10 sesji to czas, kiedy m\u00f3zg uczy si\u0119 sztuki wytwarzania okre\u015blonych wzorc\u00f3w pracy i osi\u0105gania zadanego celu. Jest to bardzo wa\u017cny okres w treningach i nie nale\u017cy zak\u0142\u00f3ca\u0107 systematyczno\u015bci tych spotka\u0144.<\/p>\n<p> <!--\n[box title=\"\" border_width=\"1\" border_style=\"dotted\" align=\"center\"]\n\n\n<p style=\"text-align: center;\"><img loading=\"lazy\" decoding=\"async\" class=\"wp-image-646 aligncenter\" alt=\"Stressless Consul M\" src=\"http:\/\/eegbiofeedback.edu.pl\/wp-content\/uploads\/2014\/03\/Stressless-Consul-M-300x246.png\" width=\"220\" height=\"179\" \/><\/p>\n\n\n\n\n<p style=\"text-align: center;\">[Tu b\u0119dzie zdj\u0119cie Gabinetu]\n\n\n\n\n<p style=\"text-align: justify;\">Treningi prowadzimy w specjalnie przygotowanym pokoju wyposa\u017conym w najnowocze\u015bniejszy sprz\u0119t medyczny, komputerowy i audiowizualny. Dla pe\u0142ni komfortu i relaksu naszych podopiecznych m.in. korzystamy z foteli <a href=\"http:\/\/www.ekornes.pl\/fotele-rozk%C5%82adane-stressless\/stressless-ambassador-stressless-consul-stressless-diplomat\/consul\" target=\"_blank\">Stressless\u00ae Consul<\/a>.<\/p>\n\n\n[\/box] --><\/p>\n<p style=\"text-align: justify;\">Zobacz wi\u0119cej: <strong><a style=\"line-height: 1.5em; font-family: 'PT Sans Narrow',sans-serif; font-size: 18px; text-transform: uppercase;\" title=\"Nasz sprz\u0119t\" href=\"http:\/\/eegbiofeedback.edu.pl\/nasze-treningi\/nasz-sprzet\/\"><i class=\"omsc-icon fa fa-external-link\" style=\"\"><\/i> Nasz sprz\u0119t<\/a><\/strong><\/p>\n","protected":false},"excerpt":{"rendered":"<p>Treningi Biofeedback i Neurofeedback zalecamy jest szczeg\u00f3lnie w&nbsp;sytuacjach wymagaj\u0105cych du\u017cej sprawno\u015bci umys\u0142u, odporno\u015bci na stres, szybkich decyzji. \u0106wiczenia poprawiaj\u0105 koncentracj\u0119 uwagi, szybko\u015b\u0107 my\u015blenia, kreatywno\u015b\u0107, pami\u0119\u0107, polepszaj\u0105 nastr\u00f3j, samoocen\u0119 i&nbsp;sen, r\u00f3wnocze\u015bnie ucz\u0105c relaksu. Metoda ta jest bezpieczna, przyjemna i&nbsp;jako spos\u00f3b uczenia si\u0119 za pomoc\u0105 wideogry nie ma \u017cadnych ubocznych dzia\u0142a\u0144. Zapraszamy szczeg\u00f3lnie wszystkie osoby intensywnie ucz\u0105ce [&hellip;]<\/p>\n","protected":false},"author":1,"featured_media":0,"parent":0,"menu_order":0,"comment_status":"closed","ping_status":"closed","template":"template-nosidebar.php","meta":{"footnotes":""},"class_list":["post-30","page","type-page","status-publish","hentry"],"aioseo_notices":[],"_links":{"self":[{"href":"http:\/\/mkprezes.lh.pl\/EEGBIOFEEDBACK\/wp-json\/wp\/v2\/pages\/30","targetHints":{"allow":["GET"]}}],"collection":[{"href":"http:\/\/mkprezes.lh.pl\/EEGBIOFEEDBACK\/wp-json\/wp\/v2\/pages"}],"about":[{"href":"http:\/\/mkprezes.lh.pl\/EEGBIOFEEDBACK\/wp-json\/wp\/v2\/types\/page"}],"author":[{"embeddable":true,"href":"http:\/\/mkprezes.lh.pl\/EEGBIOFEEDBACK\/wp-json\/wp\/v2\/users\/1"}],"replies":[{"embeddable":true,"href":"http:\/\/mkprezes.lh.pl\/EEGBIOFEEDBACK\/wp-json\/wp\/v2\/comments?post=30"}],"version-history":[{"count":11,"href":"http:\/\/mkprezes.lh.pl\/EEGBIOFEEDBACK\/wp-json\/wp\/v2\/pages\/30\/revisions"}],"predecessor-version":[{"id":289,"href":"http:\/\/mkprezes.lh.pl\/EEGBIOFEEDBACK\/wp-json\/wp\/v2\/pages\/30\/revisions\/289"}],"wp:attachment":[{"href":"http:\/\/mkprezes.lh.pl\/EEGBIOFEEDBACK\/wp-json\/wp\/v2\/media?parent=30"}],"curies":[{"name":"wp","href":"https:\/\/api.w.org\/{rel}","templated":true}]}}