{"id":2,"date":"2015-09-27T11:09:30","date_gmt":"2015-09-27T09:09:30","guid":{"rendered":"http:\/\/eegbiofeedback.edu.pl\/?page_id=2"},"modified":"2016-04-23T15:23:02","modified_gmt":"2016-04-23T13:23:02","slug":"strona-glowna","status":"publish","type":"page","link":"http:\/\/mkprezes.lh.pl\/EEGBIOFEEDBACK\/","title":{"rendered":"Zapraszamy do naszej Pracowni"},"content":{"rendered":"<p>Witamy na stronie internetowej<\/p>\n<h4 style=\"text-align: center;\">PRACOWNI EEG BIOFEEDBACK<\/h4>\n<p style=\"text-align: justify;\">Prowadzimy treningi Biofeedback i Neurofeedback (EEG Biofeedback) dla dzieci, m\u0142odzie\u017cy i os\u00f3b doros\u0142ych w ramach dzia\u0142alno\u015bci statutowej naszej Fundacji. Dzi\u0119ki temu mo\u017cemy zaoferowa\u0107 Pa\u0144stwu us\u0142ugi o najwy\u017cszej jako\u015bci w niskich cenach. Zapraszamy do trening\u00f3w metod\u0105 Biofeedback.<\/p>\n<h4 style=\"text-align: center;\">NASZE TRENINGI POMAGAJ\u0104<\/h4>\n<p style=\"text-align: left;\"><i class=\"omsc-icon fa fa-check-square-o\" style=\"\"><\/i> poprawi\u0107 szybko\u015b\u0107 uczenia si\u0119 oraz zwi\u0119kszy\u0107 szybko\u015b\u0107 i obj\u0119to\u015b\u0107 przyswajanego materia\u0142u<br \/>\n<i class=\"omsc-icon fa fa-check-square-o\" style=\"\"><\/i> zmniejszy\u0107 zaburzenia pami\u0119ci i poprawi\u0107 koncentracj\u0119 uwagi<br \/>\n<i class=\"omsc-icon fa fa-check-square-o\" style=\"\"><\/i> zwi\u0119kszy\u0107 odporno\u015b\u0107 na stres<br \/>\n<i class=\"omsc-icon fa fa-check-square-o\" style=\"\"><\/i> poprawi\u0107 wyniki w dziedzinach wymagaj\u0105cych koncentracji (np. sport)<br \/>\n<i class=\"omsc-icon fa fa-check-square-o\" style=\"\"><\/i> rozwi\u0105za\u0107 problemy ze skupieniem i planowaniem<br \/>\n<i class=\"omsc-icon fa fa-check-square-o\" style=\"\"><\/i> rozwi\u0105za\u0107 problemy szkolne (w tym dyskalkuli\u0119 i dysleksj\u0119)<br \/>\n<i class=\"omsc-icon fa fa-check-square-o\" style=\"\"><\/i> przezwyci\u0119\u017cy\u0107 trem\u0119, poprawi\u0107 samoocen\u0119<br \/>\n<i class=\"omsc-icon fa fa-check-square-o\" style=\"\"><\/i> przeciwdzia\u0142a\u0107 problemom z motywacj\u0105 oraz zm\u0119czeniu<\/p>\n<p>Zobacz wi\u0119cej: <strong><a title=\"Cennik\" href=\"https:\/\/eegbiofeedback.edu.pl\/kontakt-i-zapisy\/cennik\/\"> <span style=\"font-family: 'PT Sans Narrow', sans-serif; font-size: 18px; text-transform: uppercase;\"><i class=\"omsc-icon fa fa-external-link\" style=\"\"><\/i> Wyb\u00f3r oferty i ankieta zg\u0142oszeniowa<\/span><\/a><\/strong> <\/p>\n<p style=\"text-align: justify;\">Zach\u0119camy do zapoznania si\u0119 z informacjami o metodzie <strong><a style=\"font-family: 'PT Sans Narrow', sans-serif; font-size: 18px; text-transform: uppercase;\" title=\"Biofeedback\" href=\"https:\/\/eegbiofeedback.edu.pl\/eeg-biofeedback\/\"><i class=\"omsc-icon fa fa-external-link\" style=\"\"><\/i> EEG Biofeedback<\/a><\/strong>. Szczeg\u00f3\u0142owe informacje dotycz\u0105ce prowadzonych przez nasz\u0105 Pracowni\u0119 trening\u00f3w znajduj\u0105 si\u0119 w zak\u0142adce <strong><a style=\"font-family: 'PT Sans Narrow', sans-serif; font-size: 18px; text-transform: uppercase;\" title=\"Nasze treningi\" href=\"https:\/\/eegbiofeedback.edu.pl\/nasze-treningi\/\"><i class=\"omsc-icon fa fa-external-link\" style=\"\"><\/i> Nasze treningi<\/a><\/strong>. Aby um\u00f3wi\u0107 si\u0119 na spotkanie zapraszamy po aktualne informacje do zak\u0142adki <strong><a style=\"font-family: 'PT Sans Narrow', sans-serif; font-size: 18px; text-transform: uppercase;\" title=\"Kontakt i zapisy\" href=\"https:\/\/eegbiofeedback.edu.pl\/kontakt-i-zapisy\/\"><i class=\"omsc-icon fa fa-external-link\" style=\"\"><\/i> Kontakt i zapisy<\/a><\/strong>.<\/p>\n<p style=\"text-align: center;\">Serdecznie zapraszamy!<\/p>\n<p style=\"text-align: right;\"><em>Zesp\u00f3\u0142 Instytutu<\/em><\/p>\n","protected":false},"excerpt":{"rendered":"<p>Witamy na stronie internetowej PRACOWNI EEG BIOFEEDBACK Prowadzimy treningi Biofeedback i Neurofeedback (EEG Biofeedback) dla dzieci, m\u0142odzie\u017cy i os\u00f3b doros\u0142ych w ramach dzia\u0142alno\u015bci statutowej naszej Fundacji. Dzi\u0119ki temu mo\u017cemy zaoferowa\u0107 Pa\u0144stwu us\u0142ugi o najwy\u017cszej jako\u015bci w niskich cenach. Zapraszamy do trening\u00f3w metod\u0105 Biofeedback. NASZE TRENINGI POMAGAJ\u0104 poprawi\u0107 szybko\u015b\u0107 uczenia si\u0119 oraz zwi\u0119kszy\u0107 szybko\u015b\u0107 i obj\u0119to\u015b\u0107 [&hellip;]<\/p>\n","protected":false},"author":1,"featured_media":0,"parent":0,"menu_order":0,"comment_status":"closed","ping_status":"closed","template":"template-nosidebar.php","meta":{"footnotes":""},"class_list":["post-2","page","type-page","status-publish","hentry"],"aioseo_notices":[],"_links":{"self":[{"href":"http:\/\/mkprezes.lh.pl\/EEGBIOFEEDBACK\/wp-json\/wp\/v2\/pages\/2","targetHints":{"allow":["GET"]}}],"collection":[{"href":"http:\/\/mkprezes.lh.pl\/EEGBIOFEEDBACK\/wp-json\/wp\/v2\/pages"}],"about":[{"href":"http:\/\/mkprezes.lh.pl\/EEGBIOFEEDBACK\/wp-json\/wp\/v2\/types\/page"}],"author":[{"embeddable":true,"href":"http:\/\/mkprezes.lh.pl\/EEGBIOFEEDBACK\/wp-json\/wp\/v2\/users\/1"}],"replies":[{"embeddable":true,"href":"http:\/\/mkprezes.lh.pl\/EEGBIOFEEDBACK\/wp-json\/wp\/v2\/comments?post=2"}],"version-history":[{"count":31,"href":"http:\/\/mkprezes.lh.pl\/EEGBIOFEEDBACK\/wp-json\/wp\/v2\/pages\/2\/revisions"}],"predecessor-version":[{"id":375,"href":"http:\/\/mkprezes.lh.pl\/EEGBIOFEEDBACK\/wp-json\/wp\/v2\/pages\/2\/revisions\/375"}],"wp:attachment":[{"href":"http:\/\/mkprezes.lh.pl\/EEGBIOFEEDBACK\/wp-json\/wp\/v2\/media?parent=2"}],"curies":[{"name":"wp","href":"https:\/\/api.w.org\/{rel}","templated":true}]}}