{"id":15,"date":"2016-04-05T22:54:26","date_gmt":"2016-04-05T20:54:26","guid":{"rendered":"http:\/\/eegbiofeedback.edu.pl\/?page_id=15"},"modified":"2016-04-23T15:07:32","modified_gmt":"2016-04-23T13:07:32","slug":"materialy-multimedialne","status":"publish","type":"page","link":"http:\/\/mkprezes.lh.pl\/EEGBIOFEEDBACK\/eeg-biofeedback\/materialy-multimedialne\/","title":{"rendered":"Materia\u0142y multimedialne"},"content":{"rendered":"<p style=\"text-align: justify;\">Poni\u017cej prezentujemy materia\u0142y, kt\u00f3re przybli\u017c\u0105 istot\u0119 trening\u00f3w Biofeedback i&nbsp;Neurofeedback. Nazwy marek, firm, logotypy pokazane na umieszczonych poni\u017cej filmach s\u0105 prezentowane wy\u0142\u0105cznie w celach informacyjnych. Zaprezentowane filmy s\u0105 og\u00f3lnodost\u0119pne i udost\u0119pnione za pomoc\u0105 serwisu <i class=\"omsc-icon fa fa-youtube\" style=\"\"><\/i>&nbsp;YouTube.com.<\/p>\n<div class=\"omsc-box omsc-with-border omsc-border-style-dotted\" style=\"border-width:1px;text-align:center\"><div class=\"omsc-box-inner\">\n<iframe loading=\"lazy\" src=\"\/\/www.youtube.com\/embed\/udcVv_UUp7M\" height=\"315\" width=\"420\" allowfullscreen=\"\" frameborder=\"0\" align=\"middle\"><\/iframe><br \/>\n<\/div><\/div>\n<div class=\"omsc-box omsc-with-border omsc-border-style-dotted\" style=\"border-width:1px;text-align:center\"><div class=\"omsc-box-inner\">\n<iframe loading=\"lazy\" src=\"\/\/www.youtube.com\/embed\/r7kkmXdwxHg?feature=player_embedded\" height=\"360\" width=\"640\" allowfullscreen=\"\" frameborder=\"0\"><\/iframe><\/p>\n<p style=\"text-align: justify;\">Fragment wyk\u0142adu Michaela Merzenicha (neurobiologa) o nieprawid\u0142owej pracy m\u00f3zgu u dzieci z zaburzeniami uczenia si\u0119 i u os\u00f3b starszych. W materiale znajduj\u0105 si\u0119 informacje o tym, jak treningi umys\u0142u pozwalaj\u0105 usprawni\u0107 dzia\u0142anie m\u00f3zgu poprzez wykorzystanie jego du\u017cych zdolno\u015bci do zmiany. Ca\u0142y wyk\u0142ad mo\u017cna zobaczy\u0107 tutaj: <a href=\"http:\/\/www.ted.com\/talks\/michael_merzenich_on_the_elastic_brain.html\" target=\"_blank\">http:\/\/www.ted.com\/talks\/michael_merzenich_on_the_elastic_brain.html<\/a><\/p>\n<\/div><\/div>\n<div class=\"omsc-box omsc-with-border omsc-border-style-dotted\" style=\"border-width:1px;text-align:center\"><div class=\"omsc-box-inner\">\n<iframe loading=\"lazy\" src=\"\/\/www.youtube.com\/embed\/IkV9nRsECaE?feature=player_detailpage\" height=\"360\" width=\"640\" allowfullscreen=\"\" frameborder=\"0\"><\/iframe><br \/>\n<\/div><\/div>\n<p style=\"text-align: justify;\">Materia\u0142y informacyjne udost\u0119pnione przez naszego dostawc\u0119 sprz\u0119tu <a title=\"Mind Media B.V.\" href=\"http:\/\/www.mindmedia.info\/\" target=\"_blank\">Mind Media B.V.<\/a> (j\u0119zyk angielski).<\/p>\n<div class=\"omsc-box omsc-with-border omsc-border-style-dotted\" style=\"border-width:1px;text-align:center\"><div class=\"omsc-box-inner\">\n<iframe loading=\"lazy\" src=\"\/\/www.youtube.com\/embed\/NXbGjkV0UYU?feature=player_embedded\" height=\"360\" width=\"640\" allowfullscreen=\"\" frameborder=\"0\"><\/iframe><br \/>\n\u0179r\u00f3d\u0142o: <a title=\"Mind Media B.V.\" href=\"http:\/\/www.mindmedia.info\/\" target=\"_blank\">Mind Media B.V.<\/a> (j\u0119zyk angielski)<br \/>\n<\/div><\/div>\n<div class=\"omsc-box omsc-with-border omsc-border-style-dotted\" style=\"border-width:1px;text-align:center\"><div class=\"omsc-box-inner\">\n<iframe loading=\"lazy\" src=\"\/\/www.youtube.com\/embed\/H276cfkL5Lo?feature=player_embedded\" height=\"360\" width=\"640\" allowfullscreen=\"\" frameborder=\"0\"><\/iframe><br \/>\n\u0179r\u00f3d\u0142o: <a title=\"Mind Media B.V.\" href=\"http:\/\/www.mindmedia.info\/\" target=\"_blank\">Mind Media B.V.<\/a> (j\u0119zyk angielski)<br \/>\n<\/div><\/div>\n<p>Zobacz wi\u0119cej: <strong><a style=\"font-family: 'PT Sans Narrow',sans-serif; font-size: 18px; text-transform: uppercase;\" title=\"Biofeedback\" href=\"https:\/\/eegbiofeedback.edu.pl\/eeg-biofeedback\/\"><i class=\"omsc-icon fa fa-external-link\" style=\"\"><\/i> EEG Biofeedback<\/a><\/strong><\/p>\n","protected":false},"excerpt":{"rendered":"<p>Poni\u017cej prezentujemy materia\u0142y, kt\u00f3re przybli\u017c\u0105 istot\u0119 trening\u00f3w Biofeedback i&nbsp;Neurofeedback. Nazwy marek, firm, logotypy pokazane na umieszczonych poni\u017cej filmach s\u0105 prezentowane wy\u0142\u0105cznie w celach informacyjnych. Zaprezentowane filmy s\u0105 og\u00f3lnodost\u0119pne i udost\u0119pnione za pomoc\u0105 serwisu &nbsp;YouTube.com. Materia\u0142y informacyjne udost\u0119pnione przez naszego dostawc\u0119 sprz\u0119tu Mind Media B.V. (j\u0119zyk angielski). Zobacz wi\u0119cej: EEG Biofeedback<\/p>\n","protected":false},"author":1,"featured_media":0,"parent":9,"menu_order":0,"comment_status":"closed","ping_status":"closed","template":"template-nosidebar.php","meta":{"footnotes":""},"class_list":["post-15","page","type-page","status-publish","hentry"],"aioseo_notices":[],"_links":{"self":[{"href":"http:\/\/mkprezes.lh.pl\/EEGBIOFEEDBACK\/wp-json\/wp\/v2\/pages\/15","targetHints":{"allow":["GET"]}}],"collection":[{"href":"http:\/\/mkprezes.lh.pl\/EEGBIOFEEDBACK\/wp-json\/wp\/v2\/pages"}],"about":[{"href":"http:\/\/mkprezes.lh.pl\/EEGBIOFEEDBACK\/wp-json\/wp\/v2\/types\/page"}],"author":[{"embeddable":true,"href":"http:\/\/mkprezes.lh.pl\/EEGBIOFEEDBACK\/wp-json\/wp\/v2\/users\/1"}],"replies":[{"embeddable":true,"href":"http:\/\/mkprezes.lh.pl\/EEGBIOFEEDBACK\/wp-json\/wp\/v2\/comments?post=15"}],"version-history":[{"count":8,"href":"http:\/\/mkprezes.lh.pl\/EEGBIOFEEDBACK\/wp-json\/wp\/v2\/pages\/15\/revisions"}],"predecessor-version":[{"id":371,"href":"http:\/\/mkprezes.lh.pl\/EEGBIOFEEDBACK\/wp-json\/wp\/v2\/pages\/15\/revisions\/371"}],"up":[{"embeddable":true,"href":"http:\/\/mkprezes.lh.pl\/EEGBIOFEEDBACK\/wp-json\/wp\/v2\/pages\/9"}],"wp:attachment":[{"href":"http:\/\/mkprezes.lh.pl\/EEGBIOFEEDBACK\/wp-json\/wp\/v2\/media?parent=15"}],"curies":[{"name":"wp","href":"https:\/\/api.w.org\/{rel}","templated":true}]}}